{"id":323,"date":"2024-09-13T18:57:05","date_gmt":"2024-09-13T16:57:05","guid":{"rendered":"https:\/\/caralia.fr\/?page_id=323"},"modified":"2025-03-13T21:20:38","modified_gmt":"2025-03-13T20:20:38","slug":"methodologie-gestion-de-projet","status":"publish","type":"page","link":"https:\/\/caralia.fr\/index.php\/missions\/methodologie-gestion-de-projet\/","title":{"rendered":"M\u00e9thodologie de gestion de projet"},"content":{"rendered":"\n<p id=\"block-1ee10c9a-31d3-41c5-979b-3507f7bc8662\">Caralia effectue des missions de mise en place d&#8217;une organisation projet et d&#8217;une m\u00e9thodologie de gestion de projet. Caralia peut \u00e9galement prendre en charge la gestion de projet op\u00e9rationnelle.<\/p>\n\n\n\n<p id=\"block-d37e815d-60f0-418f-a02e-4c53cc558bc0\">Voici les principales \u00e9tapes :<\/p>\n\n\n\n<ul id=\"block-e14a01d2-c86d-44cf-8ff6-6cb24de5b5cc\" class=\"wp-block-list\">\n<li><strong>D\u00e9finition du projet<\/strong> : organisation projet claire, objectifs et livrables du projet, moyens, obligations contractuelles, risques et opportunit\u00e9s identifi\u00e9s<\/li>\n\n\n\n<li>Formalisation : project quality plan, pr\u00e9sentation du projet, strat\u00e9gie projet<\/li>\n\n\n\n<li><strong>Equipe<\/strong> : mise en place d&#8217;une \u00e9quipe projet. Travail de coh\u00e9sion de l&#8217;\u00e9quipe.<\/li>\n\n\n\n<li>D\u00e9finition des \u00e9tapes du projets,<\/li>\n\n\n\n<li><strong>Planning<\/strong> : cr\u00e9ation d\u2019un planning projet int\u00e9grant tous les liens. Le suivi du planning et de l&#8217;avancement est un outil cl\u00e9 de pilotage du projet.<\/li>\n\n\n\n<li><strong>Suivi financier<\/strong> : Mise en place d\u2019un outil de suivi financier du projet des co\u00fbts engag\u00e9s et pr\u00e9visionnels<\/li>\n\n\n\n<li>Reporting : Cr\u00e9ation d\u2019une pr\u00e9sentation projet, d\u2019un reporting projet standard<\/li>\n\n\n\n<li>Outils : Choix des outils de suivi de projet : planning (project, primavera, \u2026), finance (excel, ERP, \u2026), outils collaboratifs d\u2019\u00e9changes (teams, click-up, \u2026)<\/li>\n\n\n\n<li><strong>Suivi<\/strong> : r\u00e9union p\u00e9riodique d&#8217;\u00e9quipe projet, suivi p\u00e9riodique du planning projet<\/li>\n\n\n\n<li>Relationel client : soigner le relationnel avec le client<\/li>\n<\/ul>\n\n\n\n<p id=\"block-4caab0a0-b371-46a6-b9d4-a11f747b38ca\">&#8212;<\/p>\n\n\n\n<p id=\"block-f348ff28-7c2b-4d7f-9ee7-c406db7db446\">En r\u00e9sum\u00e9, les cl\u00e9s du succ\u00e8s sont du bien identifier les contraintes et les livrables du projet, mettre en place une \u00e9quipe soud\u00e9e et motiv\u00e9e, cr\u00e9er un planning qui sera suivi rigoureusement, et bien sur avoir un suivi financier r\u00e9gulier.  Reste ensuite \u00e0 r\u00e9aliser un bon suivi de projet, en gardant bien en t\u00eate que sans un client satisfait vous ne parviendrez \u00e0 rien.<\/p>\n\n\n\n<p id=\"block-f95e3d72-829a-48cb-8d0a-c075ff16ef67\"><\/p>\n","protected":false},"excerpt":{"rendered":"<p>Caralia effectue des missions de mise en place d&#8217;une organisation projet et d&#8217;une m\u00e9thodologie de gestion de projet. Caralia peut \u00e9galement prendre en charge la gestion de projet op\u00e9rationnelle. Voici les principales \u00e9tapes : &#8212; En r\u00e9sum\u00e9, les cl\u00e9s du succ\u00e8s sont du bien identifier les contraintes et les livrables du projet, mettre en place &hellip; <\/p>\n<p class=\"link-more\"><a href=\"https:\/\/caralia.fr\/index.php\/missions\/methodologie-gestion-de-projet\/\" class=\"more-link\">Continue reading<span class=\"screen-reader-text\"> &#8220;M\u00e9thodologie de gestion de projet&#8221;<\/span><\/a><\/p>\n","protected":false},"author":1,"featured_media":0,"parent":11,"menu_order":0,"comment_status":"closed","ping_status":"closed","template":"","meta":{"footnotes":""},"class_list":["post-323","page","type-page","status-publish","hentry"],"yoast_head":"<!-- This site is optimized with the Yoast SEO plugin v27.2 - https:\/\/yoast.com\/product\/yoast-seo-wordpress\/ -->\n<title>M\u00e9thodologie de gestion de projet - CARALIA<\/title>\n<meta name=\"description\" content=\"gestion de projet planning suivi financier reporting projet quality plan \u00e9quipe projet r\u00e9union suivi relationnel client\" \/>\n<meta name=\"robots\" content=\"index, follow, max-snippet:-1, max-image-preview:large, max-video-preview:-1\" \/>\n<link rel=\"canonical\" href=\"https:\/\/caralia.fr\/index.php\/missions\/methodologie-gestion-de-projet\/\" \/>\n<meta property=\"og:locale\" content=\"en_US\" \/>\n<meta property=\"og:type\" content=\"article\" \/>\n<meta property=\"og:title\" content=\"M\u00e9thodologie de gestion de projet - CARALIA\" \/>\n<meta property=\"og:description\" content=\"gestion de projet planning suivi financier reporting projet quality plan \u00e9quipe projet r\u00e9union suivi relationnel client\" \/>\n<meta property=\"og:url\" content=\"https:\/\/caralia.fr\/index.php\/missions\/methodologie-gestion-de-projet\/\" \/>\n<meta property=\"og:site_name\" content=\"CARALIA\" \/>\n<meta property=\"article:modified_time\" content=\"2025-03-13T20:20:38+00:00\" \/>\n<meta property=\"og:image\" content=\"https:\/\/caralia.fr\/wp-content\/uploads\/2024\/10\/logo-Caralia-conseil.png\" \/>\n\t<meta property=\"og:image:width\" content=\"1200\" \/>\n\t<meta property=\"og:image:height\" content=\"675\" \/>\n\t<meta property=\"og:image:type\" content=\"image\/png\" \/>\n<meta name=\"twitter:card\" content=\"summary_large_image\" \/>\n<meta name=\"twitter:label1\" content=\"Est. reading time\" \/>\n\t<meta name=\"twitter:data1\" content=\"2 minutes\" \/>\n<script type=\"application\/ld+json\" class=\"yoast-schema-graph\">{\"@context\":\"https:\/\/schema.org\",\"@graph\":[{\"@type\":\"WebPage\",\"@id\":\"https:\/\/caralia.fr\/index.php\/missions\/methodologie-gestion-de-projet\/\",\"url\":\"https:\/\/caralia.fr\/index.php\/missions\/methodologie-gestion-de-projet\/\",\"name\":\"M\u00e9thodologie de gestion de projet - CARALIA\",\"isPartOf\":{\"@id\":\"https:\/\/caralia.fr\/#website\"},\"datePublished\":\"2024-09-13T16:57:05+00:00\",\"dateModified\":\"2025-03-13T20:20:38+00:00\",\"description\":\"gestion de projet planning suivi financier reporting projet quality plan \u00e9quipe projet r\u00e9union suivi relationnel client\",\"breadcrumb\":{\"@id\":\"https:\/\/caralia.fr\/index.php\/missions\/methodologie-gestion-de-projet\/#breadcrumb\"},\"inLanguage\":\"en-US\",\"potentialAction\":[{\"@type\":\"ReadAction\",\"target\":[\"https:\/\/caralia.fr\/index.php\/missions\/methodologie-gestion-de-projet\/\"]}]},{\"@type\":\"BreadcrumbList\",\"@id\":\"https:\/\/caralia.fr\/index.php\/missions\/methodologie-gestion-de-projet\/#breadcrumb\",\"itemListElement\":[{\"@type\":\"ListItem\",\"position\":1,\"name\":\"Accueil\",\"item\":\"https:\/\/caralia.fr\/\"},{\"@type\":\"ListItem\",\"position\":2,\"name\":\"Missions\",\"item\":\"https:\/\/caralia.fr\/index.php\/missions\/\"},{\"@type\":\"ListItem\",\"position\":3,\"name\":\"M\u00e9thodologie de gestion de projet\"}]},{\"@type\":\"WebSite\",\"@id\":\"https:\/\/caralia.fr\/#website\",\"url\":\"https:\/\/caralia.fr\/\",\"name\":\"CARALIA, conseil en gestion d'entreprise, organisation, strat\u00e9gie, audit. Management de transition. Chamb\u00e9ry, Annecy, Grenoble.\",\"description\":\"Conseil, Audit, Manager freelance\",\"publisher\":{\"@id\":\"https:\/\/caralia.fr\/#organization\"},\"alternateName\":\"CARALIA, conseil, audit, manager\",\"potentialAction\":[{\"@type\":\"SearchAction\",\"target\":{\"@type\":\"EntryPoint\",\"urlTemplate\":\"https:\/\/caralia.fr\/?s={search_term_string}\"},\"query-input\":{\"@type\":\"PropertyValueSpecification\",\"valueRequired\":true,\"valueName\":\"search_term_string\"}}],\"inLanguage\":\"en-US\"},{\"@type\":\"Organization\",\"@id\":\"https:\/\/caralia.fr\/#organization\",\"name\":\"CARALIA\",\"url\":\"https:\/\/caralia.fr\/\",\"logo\":{\"@type\":\"ImageObject\",\"inLanguage\":\"en-US\",\"@id\":\"https:\/\/caralia.fr\/#\/schema\/logo\/image\/\",\"url\":\"https:\/\/caralia.fr\/wp-content\/uploads\/2024\/10\/cropped-cropped-icone-site-caralia-blanc-1.jpg\",\"contentUrl\":\"https:\/\/caralia.fr\/wp-content\/uploads\/2024\/10\/cropped-cropped-icone-site-caralia-blanc-1.jpg\",\"width\":250,\"height\":250,\"caption\":\"CARALIA\"},\"image\":{\"@id\":\"https:\/\/caralia.fr\/#\/schema\/logo\/image\/\"},\"sameAs\":[\"https:\/\/www.linkedin.com\/in\/nicolas-aliacar-4922266\/\"]}]}<\/script>\n<!-- \/ Yoast SEO plugin. -->","yoast_head_json":{"title":"M\u00e9thodologie de gestion de projet - CARALIA","description":"gestion de projet planning suivi financier reporting projet quality plan \u00e9quipe projet r\u00e9union suivi relationnel client","robots":{"index":"index","follow":"follow","max-snippet":"max-snippet:-1","max-image-preview":"max-image-preview:large","max-video-preview":"max-video-preview:-1"},"canonical":"https:\/\/caralia.fr\/index.php\/missions\/methodologie-gestion-de-projet\/","og_locale":"en_US","og_type":"article","og_title":"M\u00e9thodologie de gestion de projet - CARALIA","og_description":"gestion de projet planning suivi financier reporting projet quality plan \u00e9quipe projet r\u00e9union suivi relationnel client","og_url":"https:\/\/caralia.fr\/index.php\/missions\/methodologie-gestion-de-projet\/","og_site_name":"CARALIA","article_modified_time":"2025-03-13T20:20:38+00:00","og_image":[{"width":1200,"height":675,"url":"https:\/\/caralia.fr\/wp-content\/uploads\/2024\/10\/logo-Caralia-conseil.png","type":"image\/png"}],"twitter_card":"summary_large_image","twitter_misc":{"Est. reading time":"2 minutes"},"schema":{"@context":"https:\/\/schema.org","@graph":[{"@type":"WebPage","@id":"https:\/\/caralia.fr\/index.php\/missions\/methodologie-gestion-de-projet\/","url":"https:\/\/caralia.fr\/index.php\/missions\/methodologie-gestion-de-projet\/","name":"M\u00e9thodologie de gestion de projet - CARALIA","isPartOf":{"@id":"https:\/\/caralia.fr\/#website"},"datePublished":"2024-09-13T16:57:05+00:00","dateModified":"2025-03-13T20:20:38+00:00","description":"gestion de projet planning suivi financier reporting projet quality plan \u00e9quipe projet r\u00e9union suivi relationnel client","breadcrumb":{"@id":"https:\/\/caralia.fr\/index.php\/missions\/methodologie-gestion-de-projet\/#breadcrumb"},"inLanguage":"en-US","potentialAction":[{"@type":"ReadAction","target":["https:\/\/caralia.fr\/index.php\/missions\/methodologie-gestion-de-projet\/"]}]},{"@type":"BreadcrumbList","@id":"https:\/\/caralia.fr\/index.php\/missions\/methodologie-gestion-de-projet\/#breadcrumb","itemListElement":[{"@type":"ListItem","position":1,"name":"Accueil","item":"https:\/\/caralia.fr\/"},{"@type":"ListItem","position":2,"name":"Missions","item":"https:\/\/caralia.fr\/index.php\/missions\/"},{"@type":"ListItem","position":3,"name":"M\u00e9thodologie de gestion de projet"}]},{"@type":"WebSite","@id":"https:\/\/caralia.fr\/#website","url":"https:\/\/caralia.fr\/","name":"CARALIA, conseil en gestion d'entreprise, organisation, strat\u00e9gie, audit. Management de transition. Chamb\u00e9ry, Annecy, Grenoble.","description":"Conseil, Audit, Manager freelance","publisher":{"@id":"https:\/\/caralia.fr\/#organization"},"alternateName":"CARALIA, conseil, audit, manager","potentialAction":[{"@type":"SearchAction","target":{"@type":"EntryPoint","urlTemplate":"https:\/\/caralia.fr\/?s={search_term_string}"},"query-input":{"@type":"PropertyValueSpecification","valueRequired":true,"valueName":"search_term_string"}}],"inLanguage":"en-US"},{"@type":"Organization","@id":"https:\/\/caralia.fr\/#organization","name":"CARALIA","url":"https:\/\/caralia.fr\/","logo":{"@type":"ImageObject","inLanguage":"en-US","@id":"https:\/\/caralia.fr\/#\/schema\/logo\/image\/","url":"https:\/\/caralia.fr\/wp-content\/uploads\/2024\/10\/cropped-cropped-icone-site-caralia-blanc-1.jpg","contentUrl":"https:\/\/caralia.fr\/wp-content\/uploads\/2024\/10\/cropped-cropped-icone-site-caralia-blanc-1.jpg","width":250,"height":250,"caption":"CARALIA"},"image":{"@id":"https:\/\/caralia.fr\/#\/schema\/logo\/image\/"},"sameAs":["https:\/\/www.linkedin.com\/in\/nicolas-aliacar-4922266\/"]}]}},"_links":{"self":[{"href":"https:\/\/caralia.fr\/index.php\/wp-json\/wp\/v2\/pages\/323","targetHints":{"allow":["GET"]}}],"collection":[{"href":"https:\/\/caralia.fr\/index.php\/wp-json\/wp\/v2\/pages"}],"about":[{"href":"https:\/\/caralia.fr\/index.php\/wp-json\/wp\/v2\/types\/page"}],"author":[{"embeddable":true,"href":"https:\/\/caralia.fr\/index.php\/wp-json\/wp\/v2\/users\/1"}],"replies":[{"embeddable":true,"href":"https:\/\/caralia.fr\/index.php\/wp-json\/wp\/v2\/comments?post=323"}],"version-history":[{"count":4,"href":"https:\/\/caralia.fr\/index.php\/wp-json\/wp\/v2\/pages\/323\/revisions"}],"predecessor-version":[{"id":330,"href":"https:\/\/caralia.fr\/index.php\/wp-json\/wp\/v2\/pages\/323\/revisions\/330"}],"up":[{"embeddable":true,"href":"https:\/\/caralia.fr\/index.php\/wp-json\/wp\/v2\/pages\/11"}],"wp:attachment":[{"href":"https:\/\/caralia.fr\/index.php\/wp-json\/wp\/v2\/media?parent=323"}],"curies":[{"name":"wp","href":"https:\/\/api.w.org\/{rel}","templated":true}]}}