{"id":3,"date":"2024-10-01T17:03:44","date_gmt":"2024-10-01T15:03:44","guid":{"rendered":"http:\/\/caralia.fr\/?page_id=3"},"modified":"2024-10-10T09:59:15","modified_gmt":"2024-10-10T07:59:15","slug":"politique-de-confidentialite-mentions-legale","status":"publish","type":"page","link":"https:\/\/caralia.fr\/index.php\/politique-de-confidentialite-mentions-legale\/","title":{"rendered":"Mentions l\u00e9gales"},"content":{"rendered":"\n<h2 class=\"wp-block-heading\">Le site internet<\/h2>\n\n\n\n<p>Le site https:\/\/caralia.fr est une publication de Nicolas Aliacar<\/p>\n\n\n\n<h2 class=\"wp-block-heading\">Cr\u00e9ation du site, h\u00e9bergement<\/h2>\n\n\n\n<p>Cr\u00e9ation web Caralia. Site h\u00e9berg\u00e9 en France. <\/p>\n\n\n\n<h2 class=\"wp-block-heading\">Propri\u00e9t\u00e9 intellectuelle des donn\u00e9ess<\/h2>\n\n\n\n<p>Il est pr\u00e9cis\u00e9 que la Charte Graphique, les Contenus du site sont prot\u00e9g\u00e9s par la l\u00e9gislation relative \u00e0 la propri\u00e9t\u00e9 intellectuelle actuellement en vigueur en France.\u00a0<\/p>\n\n\n\n<p>En cons\u00e9quence,\u00a0l\u2019Utilisateur\u00a0ne peut repr\u00e9senter, reproduire, modifier, ni de mani\u00e8re plus g\u00e9n\u00e9rale, modifier, copier, traduire, reproduire, vendre, exploiter dans un format num\u00e9rique ou autre, tout ou partie des informations, textes, photos, images, vid\u00e9os et donn\u00e9es pr\u00e9sents sur le Site, et toutes autres donn\u00e9es,\u00a0sans autorisation\u00a0pr\u00e9alable \u00e9crite\u00a0de\u00a0CARALIA. L&#8217;utilisation des images ou logo pour effectuer un lien vers le site caralia.fr est autoris\u00e9e.<\/p>\n","protected":false},"excerpt":{"rendered":"<p>Le site internet Le site https:\/\/caralia.fr est une publication de Nicolas Aliacar Cr\u00e9ation du site, h\u00e9bergement Cr\u00e9ation web Caralia. Site h\u00e9berg\u00e9 en France. Propri\u00e9t\u00e9 intellectuelle des donn\u00e9ess Il est pr\u00e9cis\u00e9 que la Charte Graphique, les Contenus du site sont prot\u00e9g\u00e9s par la l\u00e9gislation relative \u00e0 la propri\u00e9t\u00e9 intellectuelle actuellement en vigueur en France.\u00a0 En cons\u00e9quence,\u00a0l\u2019Utilisateur\u00a0ne &hellip; <\/p>\n<p class=\"link-more\"><a href=\"https:\/\/caralia.fr\/index.php\/politique-de-confidentialite-mentions-legale\/\" class=\"more-link\">Continue reading<span class=\"screen-reader-text\"> &#8220;Mentions l\u00e9gales&#8221;<\/span><\/a><\/p>\n","protected":false},"author":1,"featured_media":0,"parent":0,"menu_order":0,"comment_status":"closed","ping_status":"closed","template":"","meta":{"footnotes":""},"class_list":["post-3","page","type-page","status-publish","hentry"],"yoast_head":"<!-- This site is optimized with the Yoast SEO plugin v27.2 - https:\/\/yoast.com\/product\/yoast-seo-wordpress\/ -->\n<title>Mentions l\u00e9gales - CARALIA conseil, audit, manager freelance<\/title>\n<meta name=\"description\" content=\"mentions l\u00e9gale, CARALIA conseil en gestion d&#039;entreprise, organisation, strat\u00e9gie, audit. Manager freelance. Chamb\u00e9ry, Savoie, Annecy.\" \/>\n<meta name=\"robots\" content=\"index, follow, max-snippet:-1, max-image-preview:large, max-video-preview:-1\" \/>\n<link rel=\"canonical\" href=\"https:\/\/caralia.fr\/index.php\/politique-de-confidentialite-mentions-legale\/\" \/>\n<meta property=\"og:locale\" content=\"en_US\" \/>\n<meta property=\"og:type\" content=\"article\" \/>\n<meta property=\"og:title\" content=\"Mentions l\u00e9gales - CARALIA conseil, audit, manager freelance\" \/>\n<meta property=\"og:description\" content=\"mentions l\u00e9gale, CARALIA conseil en gestion d&#039;entreprise, organisation, strat\u00e9gie, audit. Manager freelance. Chamb\u00e9ry, Savoie, Annecy.\" \/>\n<meta property=\"og:url\" content=\"https:\/\/caralia.fr\/index.php\/politique-de-confidentialite-mentions-legale\/\" \/>\n<meta property=\"og:site_name\" content=\"CARALIA\" \/>\n<meta property=\"article:modified_time\" content=\"2024-10-10T07:59:15+00:00\" \/>\n<meta property=\"og:image\" content=\"https:\/\/caralia.fr\/wp-content\/uploads\/2024\/10\/logo-Caralia-conseil.png\" \/>\n\t<meta property=\"og:image:width\" content=\"1200\" \/>\n\t<meta property=\"og:image:height\" content=\"675\" \/>\n\t<meta property=\"og:image:type\" content=\"image\/png\" \/>\n<meta name=\"twitter:card\" content=\"summary_large_image\" \/>\n<meta name=\"twitter:label1\" content=\"Est. reading time\" \/>\n\t<meta name=\"twitter:data1\" content=\"1 minute\" \/>\n<script type=\"application\/ld+json\" class=\"yoast-schema-graph\">{\"@context\":\"https:\/\/schema.org\",\"@graph\":[{\"@type\":\"WebPage\",\"@id\":\"https:\/\/caralia.fr\/index.php\/politique-de-confidentialite-mentions-legale\/\",\"url\":\"https:\/\/caralia.fr\/index.php\/politique-de-confidentialite-mentions-legale\/\",\"name\":\"Mentions l\u00e9gales - CARALIA conseil, audit, manager freelance\",\"isPartOf\":{\"@id\":\"https:\/\/caralia.fr\/#website\"},\"datePublished\":\"2024-10-01T15:03:44+00:00\",\"dateModified\":\"2024-10-10T07:59:15+00:00\",\"description\":\"mentions l\u00e9gale, CARALIA conseil en gestion d'entreprise, organisation, strat\u00e9gie, audit. Manager freelance. Chamb\u00e9ry, Savoie, Annecy.\",\"breadcrumb\":{\"@id\":\"https:\/\/caralia.fr\/index.php\/politique-de-confidentialite-mentions-legale\/#breadcrumb\"},\"inLanguage\":\"en-US\",\"potentialAction\":[{\"@type\":\"ReadAction\",\"target\":[\"https:\/\/caralia.fr\/index.php\/politique-de-confidentialite-mentions-legale\/\"]}]},{\"@type\":\"BreadcrumbList\",\"@id\":\"https:\/\/caralia.fr\/index.php\/politique-de-confidentialite-mentions-legale\/#breadcrumb\",\"itemListElement\":[{\"@type\":\"ListItem\",\"position\":1,\"name\":\"Accueil\",\"item\":\"https:\/\/caralia.fr\/\"},{\"@type\":\"ListItem\",\"position\":2,\"name\":\"Mentions l\u00e9gales\"}]},{\"@type\":\"WebSite\",\"@id\":\"https:\/\/caralia.fr\/#website\",\"url\":\"https:\/\/caralia.fr\/\",\"name\":\"CARALIA, conseil en gestion d'entreprise, organisation, strat\u00e9gie, audit. Management de transition. Chamb\u00e9ry, Annecy, Grenoble.\",\"description\":\"Conseil, Audit, Manager freelance\",\"publisher\":{\"@id\":\"https:\/\/caralia.fr\/#organization\"},\"alternateName\":\"CARALIA, conseil, audit, manager\",\"potentialAction\":[{\"@type\":\"SearchAction\",\"target\":{\"@type\":\"EntryPoint\",\"urlTemplate\":\"https:\/\/caralia.fr\/?s={search_term_string}\"},\"query-input\":{\"@type\":\"PropertyValueSpecification\",\"valueRequired\":true,\"valueName\":\"search_term_string\"}}],\"inLanguage\":\"en-US\"},{\"@type\":\"Organization\",\"@id\":\"https:\/\/caralia.fr\/#organization\",\"name\":\"CARALIA\",\"url\":\"https:\/\/caralia.fr\/\",\"logo\":{\"@type\":\"ImageObject\",\"inLanguage\":\"en-US\",\"@id\":\"https:\/\/caralia.fr\/#\/schema\/logo\/image\/\",\"url\":\"https:\/\/caralia.fr\/wp-content\/uploads\/2024\/10\/cropped-cropped-icone-site-caralia-blanc-1.jpg\",\"contentUrl\":\"https:\/\/caralia.fr\/wp-content\/uploads\/2024\/10\/cropped-cropped-icone-site-caralia-blanc-1.jpg\",\"width\":250,\"height\":250,\"caption\":\"CARALIA\"},\"image\":{\"@id\":\"https:\/\/caralia.fr\/#\/schema\/logo\/image\/\"},\"sameAs\":[\"https:\/\/www.linkedin.com\/in\/nicolas-aliacar-4922266\/\"]}]}<\/script>\n<!-- \/ Yoast SEO plugin. -->","yoast_head_json":{"title":"Mentions l\u00e9gales - CARALIA conseil, audit, manager freelance","description":"mentions l\u00e9gale, CARALIA conseil en gestion d'entreprise, organisation, strat\u00e9gie, audit. Manager freelance. Chamb\u00e9ry, Savoie, Annecy.","robots":{"index":"index","follow":"follow","max-snippet":"max-snippet:-1","max-image-preview":"max-image-preview:large","max-video-preview":"max-video-preview:-1"},"canonical":"https:\/\/caralia.fr\/index.php\/politique-de-confidentialite-mentions-legale\/","og_locale":"en_US","og_type":"article","og_title":"Mentions l\u00e9gales - CARALIA conseil, audit, manager freelance","og_description":"mentions l\u00e9gale, CARALIA conseil en gestion d'entreprise, organisation, strat\u00e9gie, audit. Manager freelance. Chamb\u00e9ry, Savoie, Annecy.","og_url":"https:\/\/caralia.fr\/index.php\/politique-de-confidentialite-mentions-legale\/","og_site_name":"CARALIA","article_modified_time":"2024-10-10T07:59:15+00:00","og_image":[{"width":1200,"height":675,"url":"https:\/\/caralia.fr\/wp-content\/uploads\/2024\/10\/logo-Caralia-conseil.png","type":"image\/png"}],"twitter_card":"summary_large_image","twitter_misc":{"Est. reading time":"1 minute"},"schema":{"@context":"https:\/\/schema.org","@graph":[{"@type":"WebPage","@id":"https:\/\/caralia.fr\/index.php\/politique-de-confidentialite-mentions-legale\/","url":"https:\/\/caralia.fr\/index.php\/politique-de-confidentialite-mentions-legale\/","name":"Mentions l\u00e9gales - CARALIA conseil, audit, manager freelance","isPartOf":{"@id":"https:\/\/caralia.fr\/#website"},"datePublished":"2024-10-01T15:03:44+00:00","dateModified":"2024-10-10T07:59:15+00:00","description":"mentions l\u00e9gale, CARALIA conseil en gestion d'entreprise, organisation, strat\u00e9gie, audit. Manager freelance. Chamb\u00e9ry, Savoie, Annecy.","breadcrumb":{"@id":"https:\/\/caralia.fr\/index.php\/politique-de-confidentialite-mentions-legale\/#breadcrumb"},"inLanguage":"en-US","potentialAction":[{"@type":"ReadAction","target":["https:\/\/caralia.fr\/index.php\/politique-de-confidentialite-mentions-legale\/"]}]},{"@type":"BreadcrumbList","@id":"https:\/\/caralia.fr\/index.php\/politique-de-confidentialite-mentions-legale\/#breadcrumb","itemListElement":[{"@type":"ListItem","position":1,"name":"Accueil","item":"https:\/\/caralia.fr\/"},{"@type":"ListItem","position":2,"name":"Mentions l\u00e9gales"}]},{"@type":"WebSite","@id":"https:\/\/caralia.fr\/#website","url":"https:\/\/caralia.fr\/","name":"CARALIA, conseil en gestion d'entreprise, organisation, strat\u00e9gie, audit. Management de transition. Chamb\u00e9ry, Annecy, Grenoble.","description":"Conseil, Audit, Manager freelance","publisher":{"@id":"https:\/\/caralia.fr\/#organization"},"alternateName":"CARALIA, conseil, audit, manager","potentialAction":[{"@type":"SearchAction","target":{"@type":"EntryPoint","urlTemplate":"https:\/\/caralia.fr\/?s={search_term_string}"},"query-input":{"@type":"PropertyValueSpecification","valueRequired":true,"valueName":"search_term_string"}}],"inLanguage":"en-US"},{"@type":"Organization","@id":"https:\/\/caralia.fr\/#organization","name":"CARALIA","url":"https:\/\/caralia.fr\/","logo":{"@type":"ImageObject","inLanguage":"en-US","@id":"https:\/\/caralia.fr\/#\/schema\/logo\/image\/","url":"https:\/\/caralia.fr\/wp-content\/uploads\/2024\/10\/cropped-cropped-icone-site-caralia-blanc-1.jpg","contentUrl":"https:\/\/caralia.fr\/wp-content\/uploads\/2024\/10\/cropped-cropped-icone-site-caralia-blanc-1.jpg","width":250,"height":250,"caption":"CARALIA"},"image":{"@id":"https:\/\/caralia.fr\/#\/schema\/logo\/image\/"},"sameAs":["https:\/\/www.linkedin.com\/in\/nicolas-aliacar-4922266\/"]}]}},"_links":{"self":[{"href":"https:\/\/caralia.fr\/index.php\/wp-json\/wp\/v2\/pages\/3","targetHints":{"allow":["GET"]}}],"collection":[{"href":"https:\/\/caralia.fr\/index.php\/wp-json\/wp\/v2\/pages"}],"about":[{"href":"https:\/\/caralia.fr\/index.php\/wp-json\/wp\/v2\/types\/page"}],"author":[{"embeddable":true,"href":"https:\/\/caralia.fr\/index.php\/wp-json\/wp\/v2\/users\/1"}],"replies":[{"embeddable":true,"href":"https:\/\/caralia.fr\/index.php\/wp-json\/wp\/v2\/comments?post=3"}],"version-history":[{"count":7,"href":"https:\/\/caralia.fr\/index.php\/wp-json\/wp\/v2\/pages\/3\/revisions"}],"predecessor-version":[{"id":218,"href":"https:\/\/caralia.fr\/index.php\/wp-json\/wp\/v2\/pages\/3\/revisions\/218"}],"wp:attachment":[{"href":"https:\/\/caralia.fr\/index.php\/wp-json\/wp\/v2\/media?parent=3"}],"curies":[{"name":"wp","href":"https:\/\/api.w.org\/{rel}","templated":true}]}}