{"id":285,"date":"2024-11-12T14:58:16","date_gmt":"2024-11-12T13:58:16","guid":{"rendered":"https:\/\/caralia.fr\/?page_id=285"},"modified":"2025-03-13T19:07:49","modified_gmt":"2025-03-13T18:07:49","slug":"missions-conseil-freelance","status":"publish","type":"page","link":"https:\/\/caralia.fr\/index.php\/missions\/missions-conseil-freelance\/","title":{"rendered":"Missions Conseil &amp; Manager Freelance"},"content":{"rendered":"\n<h2 class=\"wp-block-heading\" style=\"text-decoration:underline\"><strong>Missions de Conseil, Audit Manager freelance<\/strong><\/h2>\n\n\n\n<p>Conseil, audit, manager freelance \u00e0 temps partag\u00e9 : j\u2019interviens avec pragmatisme et proximit\u00e9, engag\u00e9 vers le succ\u00e8s de la mission.<br>CARALIA vous accompagne sur les th\u00e8mes suivants :<\/p>\n\n\n\n<div class=\"wp-block-columns is-layout-flex wp-container-core-columns-is-layout-9d6595d7 wp-block-columns-is-layout-flex\">\n<div class=\"wp-block-column is-layout-flow wp-block-column-is-layout-flow\">\n<p><strong>Optimiser vos process pour gagner en performance<\/strong>.<\/p>\n\n\n\n<ul class=\"wp-block-list\">\n<li>R\u00e9-organisation<\/li>\n\n\n\n<li>Simplification de process<\/li>\n\n\n\n<li>Mise en place d&#8217;un process<\/li>\n\n\n\n<li>Fluidiser les interfaces<\/li>\n\n\n\n<li>Mettre en place les bons outils digitaux<\/li>\n\n\n\n<li>Impliquer les salari\u00e9s<\/li>\n<\/ul>\n<\/div>\n\n\n\n<div class=\"wp-block-column is-layout-flow wp-block-column-is-layout-flow\">\n<p><strong>Anticiper et ajuster votre strat\u00e9gie pour se pr\u00e9parer au futur<\/strong><\/p>\n\n\n\n<ul class=\"wp-block-list\">\n<li>Formalisation de la strat\u00e9gie <\/li>\n\n\n\n<li>R\u00e9alisation du mod\u00e8le financier pr\u00e9visionnel<\/li>\n\n\n\n<li>R\u00e9daction du business plan<\/li>\n\n\n\n<li>Aide dans les d\u00e9marches avec les partenaires financiers<\/li>\n<\/ul>\n<\/div>\n<\/div>\n\n\n\n<div class=\"wp-block-columns is-layout-flex wp-container-core-columns-is-layout-9d6595d7 wp-block-columns-is-layout-flex\">\n<div class=\"wp-block-column is-layout-flow wp-block-column-is-layout-flow\">\n<p><strong>G\u00e9rer un nouveau projet<\/strong><\/p>\n\n\n\n<ul class=\"wp-block-list\">\n<li>Nouvelle ligne, nouvel outil digital, march\u00e9 important.<\/li>\n\n\n\n<li>Je prends en charge le pilotage en tant que directeur \u00e0 temps partag\u00e9 afin de vous d\u00e9gager du temps.<\/li>\n<\/ul>\n\n\n\n<div class=\"wp-block-buttons is-layout-flex wp-block-buttons-is-layout-flex\">\n<div class=\"wp-block-button\"><a class=\"wp-block-button__link wp-element-button\" href=\"https:\/\/caralia.fr\/index.php\/missions\/methodologie-gestion-de-projet\/\/\">M\u00e9thodologie de gestion de projet<\/a><\/div>\n<\/div>\n<\/div>\n\n\n\n<div class=\"wp-block-column is-layout-flow wp-block-column-is-layout-flow\">\n<p><strong>Piloter la performance. Cr\u00e9er un CODIR. L\u2019animer.<\/strong><\/p>\n\n\n\n<ul class=\"wp-block-list\">\n<li>Mettre en place des outils simples pour suivre la performance sur la base de KPI.<\/li>\n\n\n\n<li>Cr\u00e9er un CODIR pour mobiliser vos \u00e9quipes.<\/li>\n\n\n\n<li>Piloter les CODIR en tant que directeur g\u00e9n\u00e9ral \u00e0 temps partag\u00e9.<\/li>\n<\/ul>\n<\/div>\n<\/div>\n\n\n\n<div class=\"wp-block-columns is-layout-flex wp-container-core-columns-is-layout-9d6595d7 wp-block-columns-is-layout-flex\">\n<div class=\"wp-block-column is-layout-flow wp-block-column-is-layout-flow\">\n<p><strong>Cession et acquisition<\/strong><\/p>\n\n\n\n<ul class=\"wp-block-list\">\n<li>Evaluation de la valeur de l&#8217;entreprise<\/li>\n\n\n\n<li>Mod\u00e9lisation financi\u00e8re du pr\u00e9visionnel<\/li>\n\n\n\n<li>R\u00e9daction du business plan<\/li>\n\n\n\n<li>Int\u00e9gration post acquisition<\/li>\n<\/ul>\n<\/div>\n\n\n\n<div class=\"wp-block-column is-layout-flow wp-block-column-is-layout-flow\">\n<p><strong>Board member<\/strong><\/p>\n\n\n\n<ul class=\"wp-block-list\">\n<li>Advisory board<\/li>\n\n\n\n<li>Board member ind\u00e9pendant<\/li>\n<\/ul>\n<\/div>\n<\/div>\n\n\n\n<div class=\"wp-block-columns is-layout-flex wp-container-core-columns-is-layout-9d6595d7 wp-block-columns-is-layout-flex\">\n<div class=\"wp-block-column is-layout-flow wp-block-column-is-layout-flow\">\n<p><strong>Cr\u00e9ation nouvelle activit\u00e9<\/strong><\/p>\n\n\n\n<ul class=\"wp-block-list\">\n<li>R\u00e9alisation du mod\u00e8le financier pr\u00e9visionnel<\/li>\n\n\n\n<li>R\u00e9daction du business plan<\/li>\n\n\n\n<li>Aide dans les d\u00e9marches avec les partenaires financiers<\/li>\n\n\n\n<li>Mise en place de l&#8217;organisation cible<\/li>\n<\/ul>\n<\/div>\n\n\n\n<div class=\"wp-block-column is-layout-flow wp-block-column-is-layout-flow\">\n<p><strong>Audit<\/strong><\/p>\n\n\n\n<ul class=\"wp-block-list\">\n<li>Audit de processus visant \u00e0 \u00e9valuer la performance ou la conformit\u00e9<\/li>\n\n\n\n<li>Etablissement de diagnostic<\/li>\n\n\n\n<li>Etablissement de recommandations<\/li>\n<\/ul>\n\n\n\n<div class=\"wp-block-buttons is-layout-flex wp-block-buttons-is-layout-flex\">\n<div class=\"wp-block-button has-custom-width wp-block-button__width-100 has-custom-font-size\" style=\"font-size:14px\"><a class=\"wp-block-button__link wp-element-button\" href=\"https:\/\/caralia.fr\/index.php\/methodologie-audit\">Plus de d\u00e9tail sur la m\u00e9thodologie des audits<\/a><\/div>\n<\/div>\n<\/div>\n<\/div>\n\n\n\n<h2 class=\"wp-block-heading\" style=\"text-decoration:underline\"><strong>Des modalit\u00e9s d&#8217;intervention souples<\/strong><\/h2>\n\n\n\n<p>Des modalit\u00e9 d&#8217;intervention souples, avec un temps d&#8217;intervention adapt\u00e9 \u00e0 vos besoin.<\/p>\n\n\n\n<div class=\"wp-block-columns is-layout-flex wp-container-core-columns-is-layout-9d6595d7 wp-block-columns-is-layout-flex\">\n<div class=\"wp-block-column is-layout-flow wp-block-column-is-layout-flow\">\n<p><strong>Mission de conseil ou d&#8217;audit classique<\/strong><\/p>\n\n\n\n<ul class=\"wp-block-list\">\n<li>Mission de conseil &#8220;classique&#8221; de type consultant externe intervenant ponctuellement dans vos locaux<\/li>\n\n\n\n<li>Audit avec pr\u00e9sence dans vos locaux selon les besoins de la mission<\/li>\n<\/ul>\n<\/div>\n\n\n\n<div class=\"wp-block-column is-layout-flow wp-block-column-is-layout-flow\">\n<p><strong>Manager \u00e0 temps partag\u00e9 ou manager de transition <\/strong><\/p>\n\n\n\n<ul class=\"wp-block-list\">\n<li>Manager \u00e0 temps partag\u00e9 int\u00e9gr\u00e9 au sein de votre entreprise<\/li>\n\n\n\n<li>Manager de transition en l&#8217;attente d&#8217;un recrutement p\u00e9renne<\/li>\n<\/ul>\n<\/div>\n<\/div>\n\n\n\n<h2 class=\"wp-block-heading\" style=\"text-decoration:underline\"><strong>Nos Clients<\/strong><\/h2>\n\n\n\n<div class=\"wp-block-columns is-layout-flex wp-container-core-columns-is-layout-9d6595d7 wp-block-columns-is-layout-flex\">\n<div class=\"wp-block-column is-layout-flow wp-block-column-is-layout-flow\">\n<p><strong>Vous \u00eates une TPE \/ PME :<\/strong><\/p>\n<\/div>\n\n\n\n<div class=\"wp-block-column is-layout-flow wp-block-column-is-layout-flow\">\n<ul class=\"wp-block-list\">\n<li>Ancien dirigeant de PME, je comprends vos probl\u00e9matiques.<\/li>\n\n\n\n<li>Je vous aide sur les fondamentaux de la gestion, du management et du commerce, selon votre besoin.<\/li>\n<\/ul>\n<\/div>\n<\/div>\n\n\n\n<div class=\"wp-block-columns is-layout-flex wp-container-core-columns-is-layout-9d6595d7 wp-block-columns-is-layout-flex\">\n<div class=\"wp-block-column is-layout-flow wp-block-column-is-layout-flow\">\n<p><strong>Vous \u00eates une start-up :<\/strong><\/p>\n<\/div>\n\n\n\n<div class=\"wp-block-column is-layout-flow wp-block-column-is-layout-flow\">\n<ul class=\"wp-block-list\">\n<li>Ancien co-fondateur d&#8217;une start-up innovante, je comprends vos probl\u00e9matiques.<\/li>\n\n\n\n<li>Je vous aide \u00e0 vous structurer, \u00e0 vous d\u00e9velopper.<\/li>\n<\/ul>\n<\/div>\n<\/div>\n\n\n\n<div class=\"wp-block-columns is-layout-flex wp-container-core-columns-is-layout-9d6595d7 wp-block-columns-is-layout-flex\">\n<div class=\"wp-block-column is-layout-flow wp-block-column-is-layout-flow\">\n<p><strong>Vous \u00eates un groupe ou une administration<\/strong><\/p>\n<\/div>\n\n\n\n<div class=\"wp-block-column is-layout-flow wp-block-column-is-layout-flow\">\n<ul class=\"wp-block-list\">\n<li>Ancien salari\u00e9 de groupes et ETI, je ma\u00eetrise les organisations complexes.<\/li>\n\n\n\n<li>R\u00e9alisation d&#8217;audit pour y voir plus clair, accompagnement pour vous r\u00e9-organiser ou mettre en place de nouveaux outils.<\/li>\n<\/ul>\n<\/div>\n<\/div>\n\n\n\n<p><\/p>\n","protected":false},"excerpt":{"rendered":"<p>Missions de Conseil, Audit Manager freelance Conseil, audit, manager freelance \u00e0 temps partag\u00e9 : j\u2019interviens avec pragmatisme et proximit\u00e9, engag\u00e9 vers le succ\u00e8s de la mission.CARALIA vous accompagne sur les th\u00e8mes suivants : Optimiser vos process pour gagner en performance. Anticiper et ajuster votre strat\u00e9gie pour se pr\u00e9parer au futur G\u00e9rer un nouveau projet Piloter &hellip; <\/p>\n<p class=\"link-more\"><a href=\"https:\/\/caralia.fr\/index.php\/missions\/missions-conseil-freelance\/\" class=\"more-link\">Continue reading<span class=\"screen-reader-text\"> &#8220;Missions Conseil &amp; Manager Freelance&#8221;<\/span><\/a><\/p>\n","protected":false},"author":1,"featured_media":0,"parent":11,"menu_order":0,"comment_status":"closed","ping_status":"closed","template":"","meta":{"footnotes":""},"class_list":["post-285","page","type-page","status-publish","hentry"],"yoast_head":"<!-- This site is optimized with the Yoast SEO plugin v27.2 - https:\/\/yoast.com\/product\/yoast-seo-wordpress\/ -->\n<title>Missions Conseil &amp; Manager Freelance - CARALIA<\/title>\n<meta name=\"description\" content=\"Mission de Caralia - conseil en gestion d&#039;entreprise, organisation, strat\u00e9gie, audit. Manager freelance. Chamb\u00e9ry, Savoie, Annecy, Grenoble.\" \/>\n<meta name=\"robots\" content=\"index, follow, max-snippet:-1, max-image-preview:large, max-video-preview:-1\" \/>\n<link rel=\"canonical\" href=\"https:\/\/caralia.fr\/index.php\/missions\/missions-conseil-freelance\/\" \/>\n<meta property=\"og:locale\" content=\"en_US\" \/>\n<meta property=\"og:type\" content=\"article\" \/>\n<meta property=\"og:title\" content=\"Missions Conseil &amp; Manager Freelance - CARALIA\" \/>\n<meta property=\"og:description\" content=\"Mission de Caralia - conseil en gestion d&#039;entreprise, organisation, strat\u00e9gie, audit. Manager freelance. Chamb\u00e9ry, Savoie, Annecy, Grenoble.\" \/>\n<meta property=\"og:url\" content=\"https:\/\/caralia.fr\/index.php\/missions\/missions-conseil-freelance\/\" \/>\n<meta property=\"og:site_name\" content=\"CARALIA\" \/>\n<meta property=\"article:modified_time\" content=\"2025-03-13T18:07:49+00:00\" \/>\n<meta property=\"og:image\" content=\"https:\/\/caralia.fr\/wp-content\/uploads\/2024\/10\/logo-Caralia-conseil.png\" \/>\n\t<meta property=\"og:image:width\" content=\"1200\" \/>\n\t<meta property=\"og:image:height\" content=\"675\" \/>\n\t<meta property=\"og:image:type\" content=\"image\/png\" \/>\n<meta name=\"twitter:card\" content=\"summary_large_image\" \/>\n<meta name=\"twitter:label1\" content=\"Est. reading time\" \/>\n\t<meta name=\"twitter:data1\" content=\"3 minutes\" \/>\n<script type=\"application\/ld+json\" class=\"yoast-schema-graph\">{\"@context\":\"https:\/\/schema.org\",\"@graph\":[{\"@type\":\"WebPage\",\"@id\":\"https:\/\/caralia.fr\/index.php\/missions\/missions-conseil-freelance\/\",\"url\":\"https:\/\/caralia.fr\/index.php\/missions\/missions-conseil-freelance\/\",\"name\":\"Missions Conseil &amp; Manager Freelance - CARALIA\",\"isPartOf\":{\"@id\":\"https:\/\/caralia.fr\/#website\"},\"datePublished\":\"2024-11-12T13:58:16+00:00\",\"dateModified\":\"2025-03-13T18:07:49+00:00\",\"description\":\"Mission de Caralia - conseil en gestion d'entreprise, organisation, strat\u00e9gie, audit. Manager freelance. Chamb\u00e9ry, Savoie, Annecy, Grenoble.\",\"breadcrumb\":{\"@id\":\"https:\/\/caralia.fr\/index.php\/missions\/missions-conseil-freelance\/#breadcrumb\"},\"inLanguage\":\"en-US\",\"potentialAction\":[{\"@type\":\"ReadAction\",\"target\":[\"https:\/\/caralia.fr\/index.php\/missions\/missions-conseil-freelance\/\"]}]},{\"@type\":\"BreadcrumbList\",\"@id\":\"https:\/\/caralia.fr\/index.php\/missions\/missions-conseil-freelance\/#breadcrumb\",\"itemListElement\":[{\"@type\":\"ListItem\",\"position\":1,\"name\":\"Accueil\",\"item\":\"https:\/\/caralia.fr\/\"},{\"@type\":\"ListItem\",\"position\":2,\"name\":\"Missions\",\"item\":\"https:\/\/caralia.fr\/index.php\/missions\/\"},{\"@type\":\"ListItem\",\"position\":3,\"name\":\"Missions Conseil &amp; Manager Freelance\"}]},{\"@type\":\"WebSite\",\"@id\":\"https:\/\/caralia.fr\/#website\",\"url\":\"https:\/\/caralia.fr\/\",\"name\":\"CARALIA, conseil en gestion d'entreprise, organisation, strat\u00e9gie, audit. Management de transition. Chamb\u00e9ry, Annecy, Grenoble.\",\"description\":\"Conseil, Audit, Manager freelance\",\"publisher\":{\"@id\":\"https:\/\/caralia.fr\/#organization\"},\"alternateName\":\"CARALIA, conseil, audit, manager\",\"potentialAction\":[{\"@type\":\"SearchAction\",\"target\":{\"@type\":\"EntryPoint\",\"urlTemplate\":\"https:\/\/caralia.fr\/?s={search_term_string}\"},\"query-input\":{\"@type\":\"PropertyValueSpecification\",\"valueRequired\":true,\"valueName\":\"search_term_string\"}}],\"inLanguage\":\"en-US\"},{\"@type\":\"Organization\",\"@id\":\"https:\/\/caralia.fr\/#organization\",\"name\":\"CARALIA\",\"url\":\"https:\/\/caralia.fr\/\",\"logo\":{\"@type\":\"ImageObject\",\"inLanguage\":\"en-US\",\"@id\":\"https:\/\/caralia.fr\/#\/schema\/logo\/image\/\",\"url\":\"https:\/\/caralia.fr\/wp-content\/uploads\/2024\/10\/cropped-cropped-icone-site-caralia-blanc-1.jpg\",\"contentUrl\":\"https:\/\/caralia.fr\/wp-content\/uploads\/2024\/10\/cropped-cropped-icone-site-caralia-blanc-1.jpg\",\"width\":250,\"height\":250,\"caption\":\"CARALIA\"},\"image\":{\"@id\":\"https:\/\/caralia.fr\/#\/schema\/logo\/image\/\"},\"sameAs\":[\"https:\/\/www.linkedin.com\/in\/nicolas-aliacar-4922266\/\"]}]}<\/script>\n<!-- \/ Yoast SEO plugin. -->","yoast_head_json":{"title":"Missions Conseil &amp; Manager Freelance - CARALIA","description":"Mission de Caralia - conseil en gestion d'entreprise, organisation, strat\u00e9gie, audit. Manager freelance. Chamb\u00e9ry, Savoie, Annecy, Grenoble.","robots":{"index":"index","follow":"follow","max-snippet":"max-snippet:-1","max-image-preview":"max-image-preview:large","max-video-preview":"max-video-preview:-1"},"canonical":"https:\/\/caralia.fr\/index.php\/missions\/missions-conseil-freelance\/","og_locale":"en_US","og_type":"article","og_title":"Missions Conseil &amp; Manager Freelance - CARALIA","og_description":"Mission de Caralia - conseil en gestion d'entreprise, organisation, strat\u00e9gie, audit. Manager freelance. Chamb\u00e9ry, Savoie, Annecy, Grenoble.","og_url":"https:\/\/caralia.fr\/index.php\/missions\/missions-conseil-freelance\/","og_site_name":"CARALIA","article_modified_time":"2025-03-13T18:07:49+00:00","og_image":[{"width":1200,"height":675,"url":"https:\/\/caralia.fr\/wp-content\/uploads\/2024\/10\/logo-Caralia-conseil.png","type":"image\/png"}],"twitter_card":"summary_large_image","twitter_misc":{"Est. reading time":"3 minutes"},"schema":{"@context":"https:\/\/schema.org","@graph":[{"@type":"WebPage","@id":"https:\/\/caralia.fr\/index.php\/missions\/missions-conseil-freelance\/","url":"https:\/\/caralia.fr\/index.php\/missions\/missions-conseil-freelance\/","name":"Missions Conseil &amp; Manager Freelance - CARALIA","isPartOf":{"@id":"https:\/\/caralia.fr\/#website"},"datePublished":"2024-11-12T13:58:16+00:00","dateModified":"2025-03-13T18:07:49+00:00","description":"Mission de Caralia - conseil en gestion d'entreprise, organisation, strat\u00e9gie, audit. Manager freelance. Chamb\u00e9ry, Savoie, Annecy, Grenoble.","breadcrumb":{"@id":"https:\/\/caralia.fr\/index.php\/missions\/missions-conseil-freelance\/#breadcrumb"},"inLanguage":"en-US","potentialAction":[{"@type":"ReadAction","target":["https:\/\/caralia.fr\/index.php\/missions\/missions-conseil-freelance\/"]}]},{"@type":"BreadcrumbList","@id":"https:\/\/caralia.fr\/index.php\/missions\/missions-conseil-freelance\/#breadcrumb","itemListElement":[{"@type":"ListItem","position":1,"name":"Accueil","item":"https:\/\/caralia.fr\/"},{"@type":"ListItem","position":2,"name":"Missions","item":"https:\/\/caralia.fr\/index.php\/missions\/"},{"@type":"ListItem","position":3,"name":"Missions Conseil &amp; Manager Freelance"}]},{"@type":"WebSite","@id":"https:\/\/caralia.fr\/#website","url":"https:\/\/caralia.fr\/","name":"CARALIA, conseil en gestion d'entreprise, organisation, strat\u00e9gie, audit. Management de transition. Chamb\u00e9ry, Annecy, Grenoble.","description":"Conseil, Audit, Manager freelance","publisher":{"@id":"https:\/\/caralia.fr\/#organization"},"alternateName":"CARALIA, conseil, audit, manager","potentialAction":[{"@type":"SearchAction","target":{"@type":"EntryPoint","urlTemplate":"https:\/\/caralia.fr\/?s={search_term_string}"},"query-input":{"@type":"PropertyValueSpecification","valueRequired":true,"valueName":"search_term_string"}}],"inLanguage":"en-US"},{"@type":"Organization","@id":"https:\/\/caralia.fr\/#organization","name":"CARALIA","url":"https:\/\/caralia.fr\/","logo":{"@type":"ImageObject","inLanguage":"en-US","@id":"https:\/\/caralia.fr\/#\/schema\/logo\/image\/","url":"https:\/\/caralia.fr\/wp-content\/uploads\/2024\/10\/cropped-cropped-icone-site-caralia-blanc-1.jpg","contentUrl":"https:\/\/caralia.fr\/wp-content\/uploads\/2024\/10\/cropped-cropped-icone-site-caralia-blanc-1.jpg","width":250,"height":250,"caption":"CARALIA"},"image":{"@id":"https:\/\/caralia.fr\/#\/schema\/logo\/image\/"},"sameAs":["https:\/\/www.linkedin.com\/in\/nicolas-aliacar-4922266\/"]}]}},"_links":{"self":[{"href":"https:\/\/caralia.fr\/index.php\/wp-json\/wp\/v2\/pages\/285","targetHints":{"allow":["GET"]}}],"collection":[{"href":"https:\/\/caralia.fr\/index.php\/wp-json\/wp\/v2\/pages"}],"about":[{"href":"https:\/\/caralia.fr\/index.php\/wp-json\/wp\/v2\/types\/page"}],"author":[{"embeddable":true,"href":"https:\/\/caralia.fr\/index.php\/wp-json\/wp\/v2\/users\/1"}],"replies":[{"embeddable":true,"href":"https:\/\/caralia.fr\/index.php\/wp-json\/wp\/v2\/comments?post=285"}],"version-history":[{"count":10,"href":"https:\/\/caralia.fr\/index.php\/wp-json\/wp\/v2\/pages\/285\/revisions"}],"predecessor-version":[{"id":329,"href":"https:\/\/caralia.fr\/index.php\/wp-json\/wp\/v2\/pages\/285\/revisions\/329"}],"up":[{"embeddable":true,"href":"https:\/\/caralia.fr\/index.php\/wp-json\/wp\/v2\/pages\/11"}],"wp:attachment":[{"href":"https:\/\/caralia.fr\/index.php\/wp-json\/wp\/v2\/media?parent=285"}],"curies":[{"name":"wp","href":"https:\/\/api.w.org\/{rel}","templated":true}]}}