{"id":14,"date":"2024-10-02T10:22:11","date_gmt":"2024-10-02T08:22:11","guid":{"rendered":"http:\/\/caralia.fr\/?page_id=14"},"modified":"2024-10-30T12:23:39","modified_gmt":"2024-10-30T11:23:39","slug":"profil-nicolas-aliacar","status":"publish","type":"page","link":"https:\/\/caralia.fr\/index.php\/profil-nicolas-aliacar\/","title":{"rendered":"Profil"},"content":{"rendered":"\n<p>Consultant &amp; freelance : Nicolas ALIACAR<\/p>\n\n\n\n<div class=\"wp-block-group\"><div class=\"wp-block-group__inner-container is-layout-constrained wp-block-group-is-layout-constrained\">\n<div class=\"wp-block-columns is-layout-flex wp-container-core-columns-is-layout-9d6595d7 wp-block-columns-is-layout-flex\">\n<div class=\"wp-block-column is-layout-flow wp-block-column-is-layout-flow\">\n<figure class=\"wp-block-image size-full\"><img loading=\"lazy\" decoding=\"async\" width=\"300\" height=\"450\" src=\"https:\/\/caralia.fr\/wp-content\/uploads\/2024\/10\/photo-Nicolas-Aliacar-5.jpg\" alt=\"\" class=\"wp-image-72\" srcset=\"https:\/\/caralia.fr\/wp-content\/uploads\/2024\/10\/photo-Nicolas-Aliacar-5.jpg 300w, https:\/\/caralia.fr\/wp-content\/uploads\/2024\/10\/photo-Nicolas-Aliacar-5-200x300.jpg 200w\" sizes=\"auto, (max-width: 300px) 100vw, 300px\" \/><\/figure>\n<\/div>\n\n\n\n<div class=\"wp-block-column is-layout-flow wp-block-column-is-layout-flow\">\n<p>Mon parcours mixte d\u2019entrepreneur dirigeant de PME, et de salari\u00e9 dans des groupes industriels m\u2019a permis d\u2019acqu\u00e9rir des exp\u00e9riences et des savoirs faire vari\u00e9s : direction g\u00e9n\u00e9rale, gestion de grands projets, conseil et audit, acquisition et cession. Mon exp\u00e9rience de start-up, PME, ETI, grand groupe, local et international me permet de couvrir tout type de structure. J\u2019ai pu intervenir dans de nombreux secteurs d\u2019activit\u00e9, notamment, l\u2019\u00e9nergie, l\u2019industrie, l&#8217;automobile, l\u2019IT, le sport, et la construction.<\/p>\n\n\n\n<p><img loading=\"lazy\" decoding=\"async\" width=\"30\" height=\"26\" class=\"wp-image-65\" style=\"width: 30px;\" src=\"https:\/\/caralia.fr\/wp-content\/uploads\/2024\/10\/LinkedIn-In-Bug.png\" alt=\"Logo LinkedIn\" srcset=\"https:\/\/caralia.fr\/wp-content\/uploads\/2024\/10\/LinkedIn-In-Bug.png 635w, https:\/\/caralia.fr\/wp-content\/uploads\/2024\/10\/LinkedIn-In-Bug-300x255.png 300w\" sizes=\"auto, (max-width: 30px) 100vw, 30px\" \/><a href=\"https:\/\/www.linkedin.com\/in\/nicolas-aliacar-4922266\/\" data-type=\"link\" data-id=\"https:\/\/www.linkedin.com\/in\/nicolas-aliacar-4922266\/\">Mon profil Linkedin<\/a><\/p>\n<\/div>\n<\/div>\n<\/div><\/div>\n\n\n\n<p><strong>Exp\u00e9rience<\/strong><\/p>\n\n\n\n<ul class=\"wp-block-list\">\n<li>Evoltec  : Pr\u00e9sident et Actionnaire (20 personnes, 2 MEUR de CA)<\/li>\n\n\n\n<li>Alstom puis GE : Directeur de projet centrales Electrique (projets de 1000 MEUR)<\/li>\n\n\n\n<li>CNIM : Directeur de projet EPC d&#8217;usine de Valorisation Energ\u00e9tique des D\u00e9chets (projets de 100 \u00e0 150 MEUR)<\/li>\n\n\n\n<li>SeQueNet : associ\u00e9 cofondateur, s\u00e9curisation des \u00e9changes d\u2019information \u00e0 l\u2019aide de la cryptographie quantique<\/li>\n\n\n\n<li>Renault : Audit interne, Manager du secteur industriel<\/li>\n\n\n\n<li>Projet de cr\u00e9ation d&#8217;une salle d&#8217;escalade<\/li>\n<\/ul>\n\n\n\n<p><strong>Formations<\/strong><\/p>\n\n\n\n<ul class=\"wp-block-list\">\n<li>Ecole Polytechnique, X97<\/li>\n\n\n\n<li>MBA Coll\u00e8ge des Ing\u00e9nieurs<\/li>\n\n\n\n<li>Master en Economie<\/li>\n\n\n\n<li>Ing\u00e9nieur ENGREF<\/li>\n<\/ul>\n\n\n\n<div class=\"wp-block-media-text\"><figure class=\"wp-block-media-text__media\"><img loading=\"lazy\" decoding=\"async\" width=\"1024\" height=\"266\" src=\"https:\/\/caralia.fr\/wp-content\/uploads\/2024\/10\/71_logo_re_couleur_savoie-cropped-1024x266.png\" alt=\"\" class=\"wp-image-181 size-full\" srcset=\"https:\/\/caralia.fr\/wp-content\/uploads\/2024\/10\/71_logo_re_couleur_savoie-cropped-1024x266.png 1024w, https:\/\/caralia.fr\/wp-content\/uploads\/2024\/10\/71_logo_re_couleur_savoie-cropped-300x78.png 300w, https:\/\/caralia.fr\/wp-content\/uploads\/2024\/10\/71_logo_re_couleur_savoie-cropped-768x199.png 768w, https:\/\/caralia.fr\/wp-content\/uploads\/2024\/10\/71_logo_re_couleur_savoie-cropped-1536x398.png 1536w, https:\/\/caralia.fr\/wp-content\/uploads\/2024\/10\/71_logo_re_couleur_savoie-cropped.png 1928w\" sizes=\"auto, (max-width: 767px) 89vw, (max-width: 1000px) 54vw, (max-width: 1071px) 543px, 580px\" \/><\/figure><div class=\"wp-block-media-text__content\">\n<p><a href=\"https:\/\/www.reseau-entreprendre.org\/savoie\/\" target=\"_blank\" rel=\"noreferrer noopener nofollow\">Nicolas Aliacar est membre de R\u00e9seau Entreprendre Savoie<\/a><\/p>\n<\/div><\/div>\n\n\n\n<p><\/p>\n","protected":false},"excerpt":{"rendered":"<p>Consultant &amp; freelance : Nicolas ALIACAR Mon parcours mixte d\u2019entrepreneur dirigeant de PME, et de salari\u00e9 dans des groupes industriels m\u2019a permis d\u2019acqu\u00e9rir des exp\u00e9riences et des savoirs faire vari\u00e9s : direction g\u00e9n\u00e9rale, gestion de grands projets, conseil et audit, acquisition et cession. Mon exp\u00e9rience de start-up, PME, ETI, grand groupe, local et international me &hellip; <\/p>\n<p class=\"link-more\"><a href=\"https:\/\/caralia.fr\/index.php\/profil-nicolas-aliacar\/\" class=\"more-link\">Continue reading<span class=\"screen-reader-text\"> &#8220;Profil&#8221;<\/span><\/a><\/p>\n","protected":false},"author":1,"featured_media":50,"parent":0,"menu_order":0,"comment_status":"closed","ping_status":"closed","template":"","meta":{"footnotes":""},"class_list":["post-14","page","type-page","status-publish","has-post-thumbnail","hentry"],"yoast_head":"<!-- This site is optimized with the Yoast SEO plugin v27.2 - https:\/\/yoast.com\/product\/yoast-seo-wordpress\/ -->\n<title>Profil - CARALIA conseil, audit, manager freelance<\/title>\n<meta name=\"description\" content=\"Nicolas Aliacar - conseil en gestion d&#039;entreprise, organisation, strat\u00e9gie, audit. Manager freelance. Chamb\u00e9ry, Savoie, Annecy, Grenoble.\" \/>\n<meta name=\"robots\" content=\"index, follow, max-snippet:-1, max-image-preview:large, max-video-preview:-1\" \/>\n<link rel=\"canonical\" href=\"https:\/\/caralia.fr\/index.php\/profil-nicolas-aliacar\/\" \/>\n<meta property=\"og:locale\" content=\"en_US\" \/>\n<meta property=\"og:type\" content=\"article\" \/>\n<meta property=\"og:title\" content=\"Profil - CARALIA conseil, audit, manager freelance\" \/>\n<meta property=\"og:description\" content=\"Nicolas Aliacar - conseil en gestion d&#039;entreprise, organisation, strat\u00e9gie, audit. Manager freelance. Chamb\u00e9ry, Savoie, Annecy, Grenoble.\" \/>\n<meta property=\"og:url\" content=\"https:\/\/caralia.fr\/index.php\/profil-nicolas-aliacar\/\" \/>\n<meta property=\"og:site_name\" content=\"CARALIA\" \/>\n<meta property=\"article:modified_time\" content=\"2024-10-30T11:23:39+00:00\" \/>\n<meta property=\"og:image\" content=\"https:\/\/caralia.fr\/wp-content\/uploads\/2024\/10\/cropped-phare-direction-conseil.jpg\" \/>\n\t<meta property=\"og:image:width\" content=\"2000\" \/>\n\t<meta property=\"og:image:height\" content=\"1197\" \/>\n\t<meta property=\"og:image:type\" content=\"image\/jpeg\" \/>\n<meta name=\"twitter:card\" content=\"summary_large_image\" \/>\n<meta name=\"twitter:label1\" content=\"Est. reading time\" \/>\n\t<meta name=\"twitter:data1\" content=\"2 minutes\" \/>\n<script type=\"application\/ld+json\" class=\"yoast-schema-graph\">{\"@context\":\"https:\/\/schema.org\",\"@graph\":[{\"@type\":\"WebPage\",\"@id\":\"https:\/\/caralia.fr\/index.php\/profil-nicolas-aliacar\/\",\"url\":\"https:\/\/caralia.fr\/index.php\/profil-nicolas-aliacar\/\",\"name\":\"Profil - CARALIA conseil, audit, manager freelance\",\"isPartOf\":{\"@id\":\"https:\/\/caralia.fr\/#website\"},\"primaryImageOfPage\":{\"@id\":\"https:\/\/caralia.fr\/index.php\/profil-nicolas-aliacar\/#primaryimage\"},\"image\":{\"@id\":\"https:\/\/caralia.fr\/index.php\/profil-nicolas-aliacar\/#primaryimage\"},\"thumbnailUrl\":\"https:\/\/caralia.fr\/wp-content\/uploads\/2024\/10\/cropped-phare-direction-conseil.jpg\",\"datePublished\":\"2024-10-02T08:22:11+00:00\",\"dateModified\":\"2024-10-30T11:23:39+00:00\",\"description\":\"Nicolas Aliacar - conseil en gestion d'entreprise, organisation, strat\u00e9gie, audit. Manager freelance. Chamb\u00e9ry, Savoie, Annecy, Grenoble.\",\"breadcrumb\":{\"@id\":\"https:\/\/caralia.fr\/index.php\/profil-nicolas-aliacar\/#breadcrumb\"},\"inLanguage\":\"en-US\",\"potentialAction\":[{\"@type\":\"ReadAction\",\"target\":[\"https:\/\/caralia.fr\/index.php\/profil-nicolas-aliacar\/\"]}]},{\"@type\":\"ImageObject\",\"inLanguage\":\"en-US\",\"@id\":\"https:\/\/caralia.fr\/index.php\/profil-nicolas-aliacar\/#primaryimage\",\"url\":\"https:\/\/caralia.fr\/wp-content\/uploads\/2024\/10\/cropped-phare-direction-conseil.jpg\",\"contentUrl\":\"https:\/\/caralia.fr\/wp-content\/uploads\/2024\/10\/cropped-phare-direction-conseil.jpg\",\"width\":2000,\"height\":1197,\"caption\":\"phare-direction-conseil-guide\"},{\"@type\":\"BreadcrumbList\",\"@id\":\"https:\/\/caralia.fr\/index.php\/profil-nicolas-aliacar\/#breadcrumb\",\"itemListElement\":[{\"@type\":\"ListItem\",\"position\":1,\"name\":\"Accueil\",\"item\":\"https:\/\/caralia.fr\/\"},{\"@type\":\"ListItem\",\"position\":2,\"name\":\"Profil\"}]},{\"@type\":\"WebSite\",\"@id\":\"https:\/\/caralia.fr\/#website\",\"url\":\"https:\/\/caralia.fr\/\",\"name\":\"CARALIA, conseil en gestion d'entreprise, organisation, strat\u00e9gie, audit. Management de transition. Chamb\u00e9ry, Annecy, Grenoble.\",\"description\":\"Conseil, Audit, Manager freelance\",\"publisher\":{\"@id\":\"https:\/\/caralia.fr\/#organization\"},\"alternateName\":\"CARALIA, conseil, audit, manager\",\"potentialAction\":[{\"@type\":\"SearchAction\",\"target\":{\"@type\":\"EntryPoint\",\"urlTemplate\":\"https:\/\/caralia.fr\/?s={search_term_string}\"},\"query-input\":{\"@type\":\"PropertyValueSpecification\",\"valueRequired\":true,\"valueName\":\"search_term_string\"}}],\"inLanguage\":\"en-US\"},{\"@type\":\"Organization\",\"@id\":\"https:\/\/caralia.fr\/#organization\",\"name\":\"CARALIA\",\"url\":\"https:\/\/caralia.fr\/\",\"logo\":{\"@type\":\"ImageObject\",\"inLanguage\":\"en-US\",\"@id\":\"https:\/\/caralia.fr\/#\/schema\/logo\/image\/\",\"url\":\"https:\/\/caralia.fr\/wp-content\/uploads\/2024\/10\/cropped-cropped-icone-site-caralia-blanc-1.jpg\",\"contentUrl\":\"https:\/\/caralia.fr\/wp-content\/uploads\/2024\/10\/cropped-cropped-icone-site-caralia-blanc-1.jpg\",\"width\":250,\"height\":250,\"caption\":\"CARALIA\"},\"image\":{\"@id\":\"https:\/\/caralia.fr\/#\/schema\/logo\/image\/\"},\"sameAs\":[\"https:\/\/www.linkedin.com\/in\/nicolas-aliacar-4922266\/\"]}]}<\/script>\n<!-- \/ Yoast SEO plugin. -->","yoast_head_json":{"title":"Profil - CARALIA conseil, audit, manager freelance","description":"Nicolas Aliacar - conseil en gestion d'entreprise, organisation, strat\u00e9gie, audit. Manager freelance. Chamb\u00e9ry, Savoie, Annecy, Grenoble.","robots":{"index":"index","follow":"follow","max-snippet":"max-snippet:-1","max-image-preview":"max-image-preview:large","max-video-preview":"max-video-preview:-1"},"canonical":"https:\/\/caralia.fr\/index.php\/profil-nicolas-aliacar\/","og_locale":"en_US","og_type":"article","og_title":"Profil - CARALIA conseil, audit, manager freelance","og_description":"Nicolas Aliacar - conseil en gestion d'entreprise, organisation, strat\u00e9gie, audit. Manager freelance. Chamb\u00e9ry, Savoie, Annecy, Grenoble.","og_url":"https:\/\/caralia.fr\/index.php\/profil-nicolas-aliacar\/","og_site_name":"CARALIA","article_modified_time":"2024-10-30T11:23:39+00:00","og_image":[{"width":2000,"height":1197,"url":"https:\/\/caralia.fr\/wp-content\/uploads\/2024\/10\/cropped-phare-direction-conseil.jpg","type":"image\/jpeg"}],"twitter_card":"summary_large_image","twitter_misc":{"Est. reading time":"2 minutes"},"schema":{"@context":"https:\/\/schema.org","@graph":[{"@type":"WebPage","@id":"https:\/\/caralia.fr\/index.php\/profil-nicolas-aliacar\/","url":"https:\/\/caralia.fr\/index.php\/profil-nicolas-aliacar\/","name":"Profil - CARALIA conseil, audit, manager freelance","isPartOf":{"@id":"https:\/\/caralia.fr\/#website"},"primaryImageOfPage":{"@id":"https:\/\/caralia.fr\/index.php\/profil-nicolas-aliacar\/#primaryimage"},"image":{"@id":"https:\/\/caralia.fr\/index.php\/profil-nicolas-aliacar\/#primaryimage"},"thumbnailUrl":"https:\/\/caralia.fr\/wp-content\/uploads\/2024\/10\/cropped-phare-direction-conseil.jpg","datePublished":"2024-10-02T08:22:11+00:00","dateModified":"2024-10-30T11:23:39+00:00","description":"Nicolas Aliacar - conseil en gestion d'entreprise, organisation, strat\u00e9gie, audit. Manager freelance. Chamb\u00e9ry, Savoie, Annecy, Grenoble.","breadcrumb":{"@id":"https:\/\/caralia.fr\/index.php\/profil-nicolas-aliacar\/#breadcrumb"},"inLanguage":"en-US","potentialAction":[{"@type":"ReadAction","target":["https:\/\/caralia.fr\/index.php\/profil-nicolas-aliacar\/"]}]},{"@type":"ImageObject","inLanguage":"en-US","@id":"https:\/\/caralia.fr\/index.php\/profil-nicolas-aliacar\/#primaryimage","url":"https:\/\/caralia.fr\/wp-content\/uploads\/2024\/10\/cropped-phare-direction-conseil.jpg","contentUrl":"https:\/\/caralia.fr\/wp-content\/uploads\/2024\/10\/cropped-phare-direction-conseil.jpg","width":2000,"height":1197,"caption":"phare-direction-conseil-guide"},{"@type":"BreadcrumbList","@id":"https:\/\/caralia.fr\/index.php\/profil-nicolas-aliacar\/#breadcrumb","itemListElement":[{"@type":"ListItem","position":1,"name":"Accueil","item":"https:\/\/caralia.fr\/"},{"@type":"ListItem","position":2,"name":"Profil"}]},{"@type":"WebSite","@id":"https:\/\/caralia.fr\/#website","url":"https:\/\/caralia.fr\/","name":"CARALIA, conseil en gestion d'entreprise, organisation, strat\u00e9gie, audit. Management de transition. Chamb\u00e9ry, Annecy, Grenoble.","description":"Conseil, Audit, Manager freelance","publisher":{"@id":"https:\/\/caralia.fr\/#organization"},"alternateName":"CARALIA, conseil, audit, manager","potentialAction":[{"@type":"SearchAction","target":{"@type":"EntryPoint","urlTemplate":"https:\/\/caralia.fr\/?s={search_term_string}"},"query-input":{"@type":"PropertyValueSpecification","valueRequired":true,"valueName":"search_term_string"}}],"inLanguage":"en-US"},{"@type":"Organization","@id":"https:\/\/caralia.fr\/#organization","name":"CARALIA","url":"https:\/\/caralia.fr\/","logo":{"@type":"ImageObject","inLanguage":"en-US","@id":"https:\/\/caralia.fr\/#\/schema\/logo\/image\/","url":"https:\/\/caralia.fr\/wp-content\/uploads\/2024\/10\/cropped-cropped-icone-site-caralia-blanc-1.jpg","contentUrl":"https:\/\/caralia.fr\/wp-content\/uploads\/2024\/10\/cropped-cropped-icone-site-caralia-blanc-1.jpg","width":250,"height":250,"caption":"CARALIA"},"image":{"@id":"https:\/\/caralia.fr\/#\/schema\/logo\/image\/"},"sameAs":["https:\/\/www.linkedin.com\/in\/nicolas-aliacar-4922266\/"]}]}},"_links":{"self":[{"href":"https:\/\/caralia.fr\/index.php\/wp-json\/wp\/v2\/pages\/14","targetHints":{"allow":["GET"]}}],"collection":[{"href":"https:\/\/caralia.fr\/index.php\/wp-json\/wp\/v2\/pages"}],"about":[{"href":"https:\/\/caralia.fr\/index.php\/wp-json\/wp\/v2\/types\/page"}],"author":[{"embeddable":true,"href":"https:\/\/caralia.fr\/index.php\/wp-json\/wp\/v2\/users\/1"}],"replies":[{"embeddable":true,"href":"https:\/\/caralia.fr\/index.php\/wp-json\/wp\/v2\/comments?post=14"}],"version-history":[{"count":20,"href":"https:\/\/caralia.fr\/index.php\/wp-json\/wp\/v2\/pages\/14\/revisions"}],"predecessor-version":[{"id":282,"href":"https:\/\/caralia.fr\/index.php\/wp-json\/wp\/v2\/pages\/14\/revisions\/282"}],"wp:featuredmedia":[{"embeddable":true,"href":"https:\/\/caralia.fr\/index.php\/wp-json\/wp\/v2\/media\/50"}],"wp:attachment":[{"href":"https:\/\/caralia.fr\/index.php\/wp-json\/wp\/v2\/media?parent=14"}],"curies":[{"name":"wp","href":"https:\/\/api.w.org\/{rel}","templated":true}]}}